{"id":5286,"date":"2015-07-28T20:22:11","date_gmt":"2015-07-28T20:22:11","guid":{"rendered":"http:\/\/themenectar.com\/demo\/salient-agency\/?page_id=5286"},"modified":"2026-03-09T14:18:13","modified_gmt":"2026-03-09T13:18:13","slug":"equipe-sante-luxe-industrie","status":"publish","type":"page","link":"https:\/\/www.paccard-balmat.com\/en\/equipe-sante-luxe-industrie\/","title":{"rendered":"Notre \u00e9quipe | Recrutement coaching sant\u00e9, industrie, services B2B, immobilier \/ construction et luxe"},"content":{"rendered":"[vc_row type=&#8221;full_width_content&#8221; full_screen_row_position=&#8221;middle&#8221; bg_image=&#8221;7403&#8243; bg_position=&#8221;left top&#8221; bg_repeat=&#8221;no-repeat&#8221; scene_position=&#8221;center&#8221; text_color=&#8221;dark&#8221; text_align=&#8221;left&#8221; class=&#8221;experience&#8221; id=&#8221;experience&#8221; overlay_strength=&#8221;0.3&#8243; shape_divider_position=&#8221;bottom&#8221; shape_type=&#8221;&#8221;][vc_column column_padding=&#8221;padding-5-percent&#8221; column_padding_position=&#8221;all&#8221; background_color=&#8221;#000b23&#8243; background_color_opacity=&#8221;1&#8243; background_hover_color_opacity=&#8221;1&#8243; font_color=&#8221;#dadada&#8221; column_shadow=&#8221;none&#8221; column_border_radius=&#8221;none&#8221; width=&#8221;1\/2&#8243; tablet_text_alignment=&#8221;default&#8221; phone_text_alignment=&#8221;default&#8221; column_border_width=&#8221;none&#8221; column_border_style=&#8221;solid&#8221;][vc_custom_heading text=&#8221;Notre expertise dans les m\u00e9tiers des life sciences, de l&#8217;industrie, des services B2B, de l&#8217;immobilier \/ construction et du luxe&#8221; font_container=&#8221;tag:h1|font_size:38|text_align:left|color:%23ffffff&#8221; use_theme_fonts=&#8221;yes&#8221; css=&#8221;.vc_custom_1544175977251{padding-top: 10px !important;}&#8221;]<div class=\"divider-wrap\"><div style=\"margin-top: 20px; width: 20%px; height: 1px; margin-bottom: 20px;\" data-width=\"20%\" data-animate=\"yes\" data-animation-delay=\"\" data-color=\"default\" class=\"divider-small-border\"><\/div><\/div>[vc_column_text]L&#8217;\u00e9quipe de consultants et coach Paccard-Balmat vous accompagne sur vos besoins les plus strat\u00e9giques. Nos parcours professionnels respectifs nous ont permis de d\u00e9velopper une r\u00e9elle expertise sur nos domaines d&#8217;intervention :[\/vc_column_text]<div class=\"divider-wrap\"><div style=\"height: 30px;\" class=\"divider\"><\/div><\/div>[vc_column_text]<b>Les <\/b><b>Life Sciences<\/b>\u00a0: industrie pharmaceutique, biotechnologie, med tech, medical device, diagnostic, homecare\u2026<\/p>\n<p><strong>L&#8217;industrie :<\/strong> constructeurs \/ \u00e9quipementiers automobile et a\u00e9ronautique, papier\/carton, m\u00e9canique\u2026<\/p>\n<p><strong>Les services BtB et BtC :<\/strong> loueurs d\u2019\u00e9quipements, facility management, distributeurs sp\u00e9cialis\u00e9s, services \u00e0 la personne\u2026<\/p>\n<p><strong>L&#8217;immobilier et le BTP :<\/strong> promoteurs, investisseurs, soci\u00e9t\u00e9s de conseil et prestataires de services\u2026<\/p>\n<p><b>Le Luxe<\/b>\u00a0: h\u00f4tellerie, restauration, horlogerie, joaillerie, mode, cosm\u00e9tique, bateaux, automobile, vins &amp; spiritueux\u2026[\/vc_column_text]<div class=\"divider-wrap\"><div style=\"height: 30px;\" class=\"divider\"><\/div><\/div>[vc_column_text]Notre excellente appr\u00e9hension de ces march\u00e9s et de leurs codes nous permet d\u2019intervenir sur les offres vari\u00e9es et compl\u00e9mentaires que sont <a style=\"text-decoration: underline;\" href=\"https:\/\/www.paccard-balmat.com\/talent\/\">l\u2019Executive Search, le coaching de dirigeants, l\u2019outplacement et l\u2019assessment de candidats<\/a>. Nous mettons nos comp\u00e9tences \u00e0 votre disposition pour vous accompagner de la fa\u00e7on la plus pertinente sur vos <strong>enjeux humains<\/strong>, <strong>strat\u00e9giques<\/strong> et <strong>organisationnels<\/strong>.<\/p>\n<p style=\"text-align: left;\">Nous intervenons sur le <strong>recrutement<\/strong> et <strong>l\u2019accompagnement de dirigeants<\/strong>, <strong>managers<\/strong> et <strong>membres de CODIR en France et \u00e0 l\u2019international<\/strong>.<\/p>\n<p style=\"text-align: left;\">Au-del\u00e0 de nos offres, notre capacit\u00e9 de conseil et de d\u00e9veloppement des comp\u00e9tences nous permet de cerner au mieux vos besoins et de vous guider aux \u00e9tapes charni\u00e8res de votre vie professionnelle. Nous pla\u00e7ons les bin\u00f4mes consultant\/ client et consultant\/ candidat au c\u0153ur de nos <a style=\"text-decoration: underline;\" href=\"https:\/\/www.paccard-balmat.com\/talent\/\">d\u00e9marches<\/a> et de nos <a style=\"text-decoration: underline;\" href=\"https:\/\/www.paccard-balmat.com\/nosvaleurs\/\">valeurs<\/a>.<\/p>\n[\/vc_column_text][\/vc_column][vc_column column_padding=&#8221;padding-5-percent&#8221; column_padding_position=&#8221;all&#8221; background_color_opacity=&#8221;1&#8243; background_hover_color_opacity=&#8221;1&#8243; background_image=&#8221;7403&#8243; font_color=&#8221;#f0f1f0&#8243; column_shadow=&#8221;none&#8221; column_border_radius=&#8221;none&#8221; width=&#8221;1\/2&#8243; tablet_text_alignment=&#8221;default&#8221; phone_text_alignment=&#8221;default&#8221; column_border_width=&#8221;none&#8221; column_border_style=&#8221;solid&#8221; offset=&#8221;vc_col-xs-12&#8243;][vc_row_inner column_margin=&#8221;default&#8221; text_align=&#8221;left&#8221;][vc_column_inner column_padding=&#8221;padding-1-percent&#8221; column_padding_position=&#8221;right&#8221; background_color_opacity=&#8221;1&#8243; background_hover_color_opacity=&#8221;1&#8243; column_shadow=&#8221;none&#8221; column_border_radius=&#8221;none&#8221; width=&#8221;1\/2&#8243; column_border_width=&#8221;none&#8221; column_border_style=&#8221;solid&#8221;]<div class=\"team-member\" data-style=\"meta_overlaid\"><div class=\"team-member-overlay\"><\/div><a href=\"https:\/\/www.paccard-balmat.com\/franck-boissin\/\"><\/a> <div class=\"team-member-image\" style=\"background-image: url(https:\/\/www.paccard-balmat.com\/wp-content\/uploads\/2020\/07\/DSC_5691-566x403.jpg);\"><\/div><div class=\"team-meta\"><h3>Franck Boissin<\/h3><p>Directeur G\u00e9n\u00e9ral <p><\/div><\/div>[\/vc_column_inner][vc_column_inner column_padding=&#8221;padding-1-percent&#8221; column_padding_position=&#8221;right&#8221; background_color_opacity=&#8221;1&#8243; background_hover_color_opacity=&#8221;1&#8243; column_shadow=&#8221;none&#8221; column_border_radius=&#8221;none&#8221; width=&#8221;1\/2&#8243; column_border_width=&#8221;none&#8221; column_border_style=&#8221;solid&#8221;]<div class=\"team-member\" data-style=\"meta_overlaid\"><div class=\"team-member-overlay\"><\/div><a href=\"https:\/\/www.paccard-balmat.com\/emilie-paul-de-bueil\"><\/a> <div class=\"team-member-image\" style=\"background-image: url(https:\/\/www.paccard-balmat.com\/wp-content\/uploads\/2020\/07\/DSC_5563-566x403.jpg);\"><\/div><div class=\"team-meta\"><h3>Emilie Paul-de Bueil<\/h3><p>Psychologue-coach<p><\/div><\/div>[\/vc_column_inner][\/vc_row_inner]<div class=\"divider-wrap\"><div style=\"height: 10px;\" class=\"divider\"><\/div><\/div>[vc_row_inner column_margin=&#8221;default&#8221; text_align=&#8221;left&#8221;][vc_column_inner column_padding=&#8221;padding-1-percent&#8221; column_padding_position=&#8221;right&#8221; background_color_opacity=&#8221;1&#8243; background_hover_color_opacity=&#8221;1&#8243; column_shadow=&#8221;none&#8221; column_border_radius=&#8221;none&#8221; width=&#8221;1\/2&#8243; column_border_width=&#8221;none&#8221; column_border_style=&#8221;solid&#8221;]<div class=\"team-member\" data-style=\"meta_overlaid\"><div class=\"team-member-overlay\"><\/div><a href=\"https:\/\/www.paccard-balmat.com\/fr\/alexandra-martineau-consultante-senior\/\"><\/a> <div class=\"team-member-image\" style=\"background-image: url(https:\/\/www.paccard-balmat.com\/wp-content\/uploads\/2020\/07\/DSC_5595-1-600x403.jpg);\"><\/div><div class=\"team-meta\"><h3>Alexandra Martineau<\/h3><p>Consultante senior & Executive Coach<p><\/div><\/div>[\/vc_column_inner][vc_column_inner column_padding=&#8221;no-extra-padding&#8221; column_padding_position=&#8221;all&#8221; background_color_opacity=&#8221;1&#8243; background_hover_color_opacity=&#8221;1&#8243; column_shadow=&#8221;none&#8221; column_border_radius=&#8221;none&#8221; width=&#8221;1\/2&#8243; column_border_width=&#8221;none&#8221; column_border_style=&#8221;solid&#8221;]<div class=\"team-member\" data-style=\"meta_overlaid\"><div class=\"team-member-overlay\"><\/div><a href=\"https:\/\/www.paccard-balmat.com\/fr\/djennet-ikhlazova-talent-acquisition-specialist\/\"><\/a> <div class=\"team-member-image\" style=\"background-image: url(https:\/\/www.paccard-balmat.com\/wp-content\/uploads\/2023\/06\/image00003-600x403.jpeg);\"><\/div><div class=\"team-meta\"><h3>Dj\u00e9nn\u00e9t Ikhlazova<\/h3><p>Charg\u00e9e de recherche<p><\/div><\/div>[\/vc_column_inner][\/vc_row_inner]<div class=\"divider-wrap\"><div style=\"height: 10px;\" class=\"divider\"><\/div><\/div>[vc_row_inner column_margin=&#8221;default&#8221; text_align=&#8221;left&#8221;][vc_column_inner column_padding=&#8221;padding-1-percent&#8221; column_padding_position=&#8221;right&#8221; background_color_opacity=&#8221;1&#8243; background_hover_color_opacity=&#8221;1&#8243; column_shadow=&#8221;none&#8221; column_border_radius=&#8221;none&#8221; width=&#8221;1\/1&#8243; column_border_width=&#8221;none&#8221; column_border_style=&#8221;solid&#8221;]<div class=\"team-member\" data-style=\"meta_overlaid\"><div class=\"team-member-overlay\"><\/div><a href=\"https:\/\/www.paccard-balmat.com\/fr\/claire-desplantes\/\"><\/a> <div class=\"team-member-image\" style=\"background-image: url(https:\/\/www.paccard-balmat.com\/wp-content\/uploads\/2020\/07\/DSC_5677-573x403.jpg);\"><\/div><div class=\"team-meta\"><h3>Claire Desplantes<\/h3><p>Office-manager<p><\/div><\/div>[\/vc_column_inner][\/vc_row_inner]<div class=\"divider-wrap\"><div style=\"height: 10px;\" class=\"divider\"><\/div><\/div>[\/vc_column][\/vc_row]","protected":false},"excerpt":{"rendered":"<p>[vc_row type=&#8221;full_width_content&#8221; full_screen_row_position=&#8221;middle&#8221; bg_image=&#8221;7403&#8243; bg_position=&#8221;left top&#8221; bg_repeat=&#8221;no-repeat&#8221; scene_position=&#8221;center&#8221; text_color=&#8221;dark&#8221; text_align=&#8221;left&#8221; class=&#8221;experience&#8221; id=&#8221;experience&#8221; overlay_strength=&#8221;0.3&#8243; shape_divider_position=&#8221;bottom&#8221; shape_type=&#8221;&#8221;][vc_column column_padding=&#8221;padding-5-percent&#8221; column_padding_position=&#8221;all&#8221; background_color=&#8221;#000b23&#8243; background_color_opacity=&#8221;1&#8243; background_hover_color_opacity=&#8221;1&#8243; font_color=&#8221;#dadada&#8221; column_shadow=&#8221;none&#8221; column_border_radius=&#8221;none&#8221; width=&#8221;1\/2&#8243; tablet_text_alignment=&#8221;default&#8221; phone_text_alignment=&#8221;default&#8221; column_border_width=&#8221;none&#8221; column_border_style=&#8221;solid&#8221;][vc_custom_heading text=&#8221;Notre expertise dans les m\u00e9tiers des life sciences, de l&#8217;industrie, des services B2B, de l&#8217;immobilier \/ construction et du luxe&#8221; font_container=&#8221;tag:h1|font_size:38|text_align:left|color:%23ffffff&#8221; use_theme_fonts=&#8221;yes&#8221; css=&#8221;.vc_custom_1544175977251{padding-top: 10px !important;}&#8221;][vc_column_text]L&#8217;\u00e9quipe de consultants et coach Paccard-Balmat vous accompagne&#8230;<\/p>\n","protected":false},"author":1,"featured_media":0,"parent":0,"menu_order":1,"comment_status":"open","ping_status":"open","template":"","meta":{"footnotes":""},"class_list":["post-5286","page","type-page","status-publish","hentry"],"_links":{"self":[{"href":"https:\/\/www.paccard-balmat.com\/en\/wp-json\/wp\/v2\/pages\/5286","targetHints":{"allow":["GET"]}}],"collection":[{"href":"https:\/\/www.paccard-balmat.com\/en\/wp-json\/wp\/v2\/pages"}],"about":[{"href":"https:\/\/www.paccard-balmat.com\/en\/wp-json\/wp\/v2\/types\/page"}],"author":[{"embeddable":true,"href":"https:\/\/www.paccard-balmat.com\/en\/wp-json\/wp\/v2\/users\/1"}],"replies":[{"embeddable":true,"href":"https:\/\/www.paccard-balmat.com\/en\/wp-json\/wp\/v2\/comments?post=5286"}],"version-history":[{"count":10,"href":"https:\/\/www.paccard-balmat.com\/en\/wp-json\/wp\/v2\/pages\/5286\/revisions"}],"predecessor-version":[{"id":7881,"href":"https:\/\/www.paccard-balmat.com\/en\/wp-json\/wp\/v2\/pages\/5286\/revisions\/7881"}],"wp:attachment":[{"href":"https:\/\/www.paccard-balmat.com\/en\/wp-json\/wp\/v2\/media?parent=5286"}],"curies":[{"name":"wp","href":"https:\/\/api.w.org\/{rel}","templated":true}]}}