{"id":5286,"date":"2015-07-28T20:22:11","date_gmt":"2015-07-28T20:22:11","guid":{"rendered":"http:\/\/themenectar.com\/demo\/salient-agency\/?page_id=5286"},"modified":"2026-03-09T14:18:13","modified_gmt":"2026-03-09T13:18:13","slug":"equipe-sante-luxe-industrie","status":"publish","type":"page","link":"https:\/\/www.paccard-balmat.com\/fr\/equipe-sante-luxe-industrie\/","title":{"rendered":"Notre \u00e9quipe | Recrutement coaching sant\u00e9, industrie, services B2B, immobilier \/ construction et luxe"},"content":{"rendered":"[vc_row type=\u00a0\u00bbfull_width_content\u00a0\u00bb full_screen_row_position=\u00a0\u00bbmiddle\u00a0\u00bb bg_image=\u00a0\u00bb7403&Prime; bg_position=\u00a0\u00bbleft top\u00a0\u00bb bg_repeat=\u00a0\u00bbno-repeat\u00a0\u00bb scene_position=\u00a0\u00bbcenter\u00a0\u00bb text_color=\u00a0\u00bbdark\u00a0\u00bb text_align=\u00a0\u00bbleft\u00a0\u00bb class=\u00a0\u00bbexperience\u00a0\u00bb id=\u00a0\u00bbexperience\u00a0\u00bb overlay_strength=\u00a0\u00bb0.3&Prime; shape_divider_position=\u00a0\u00bbbottom\u00a0\u00bb shape_type=\u00a0\u00bb\u00a0\u00bb][vc_column column_padding=\u00a0\u00bbpadding-5-percent\u00a0\u00bb column_padding_position=\u00a0\u00bball\u00a0\u00bb background_color=\u00a0\u00bb#000b23&Prime; background_color_opacity=\u00a0\u00bb1&Prime; background_hover_color_opacity=\u00a0\u00bb1&Prime; font_color=\u00a0\u00bb#dadada\u00a0\u00bb column_shadow=\u00a0\u00bbnone\u00a0\u00bb column_border_radius=\u00a0\u00bbnone\u00a0\u00bb width=\u00a0\u00bb1\/2&Prime; tablet_text_alignment=\u00a0\u00bbdefault\u00a0\u00bb phone_text_alignment=\u00a0\u00bbdefault\u00a0\u00bb column_border_width=\u00a0\u00bbnone\u00a0\u00bb column_border_style=\u00a0\u00bbsolid\u00a0\u00bb][vc_custom_heading text=\u00a0\u00bbNotre expertise dans les m\u00e9tiers des life sciences, de l&rsquo;industrie, des services B2B, de l&rsquo;immobilier \/ construction et du luxe\u00a0\u00bb font_container=\u00a0\u00bbtag:h1|font_size:38|text_align:left|color:%23ffffff\u00a0\u00bb use_theme_fonts=\u00a0\u00bbyes\u00a0\u00bb css=\u00a0\u00bb.vc_custom_1544175977251{padding-top: 10px !important;}\u00a0\u00bb]<div class=\"divider-wrap\"><div style=\"margin-top: 20px; width: 20%px; height: 1px; margin-bottom: 20px;\" data-width=\"20%\" data-animate=\"yes\" data-animation-delay=\"\" data-color=\"default\" class=\"divider-small-border\"><\/div><\/div>[vc_column_text]L&rsquo;\u00e9quipe de consultants et coach Paccard-Balmat vous accompagne sur vos besoins les plus strat\u00e9giques. Nos parcours professionnels respectifs nous ont permis de d\u00e9velopper une r\u00e9elle expertise sur nos domaines d&rsquo;intervention :[\/vc_column_text]<div class=\"divider-wrap\"><div style=\"height: 30px;\" class=\"divider\"><\/div><\/div>[vc_column_text]<b>Les <\/b><b>Life Sciences<\/b>\u00a0: industrie pharmaceutique, biotechnologie, med tech, medical device, diagnostic, homecare\u2026<\/p>\n<p><strong>L&rsquo;industrie :<\/strong> constructeurs \/ \u00e9quipementiers automobile et a\u00e9ronautique, papier\/carton, m\u00e9canique\u2026<\/p>\n<p><strong>Les services BtB et BtC :<\/strong> loueurs d\u2019\u00e9quipements, facility management, distributeurs sp\u00e9cialis\u00e9s, services \u00e0 la personne\u2026<\/p>\n<p><strong>L&rsquo;immobilier et le BTP :<\/strong> promoteurs, investisseurs, soci\u00e9t\u00e9s de conseil et prestataires de services\u2026<\/p>\n<p><b>Le Luxe<\/b>\u00a0: h\u00f4tellerie, restauration, horlogerie, joaillerie, mode, cosm\u00e9tique, bateaux, automobile, vins &amp; spiritueux\u2026[\/vc_column_text]<div class=\"divider-wrap\"><div style=\"height: 30px;\" class=\"divider\"><\/div><\/div>[vc_column_text]Notre excellente appr\u00e9hension de ces march\u00e9s et de leurs codes nous permet d\u2019intervenir sur les offres vari\u00e9es et compl\u00e9mentaires que sont <a style=\"text-decoration: underline;\" href=\"https:\/\/www.paccard-balmat.com\/talent\/\">l\u2019Executive Search, le coaching de dirigeants, l\u2019outplacement et l\u2019assessment de candidats<\/a>. Nous mettons nos comp\u00e9tences \u00e0 votre disposition pour vous accompagner de la fa\u00e7on la plus pertinente sur vos <strong>enjeux humains<\/strong>, <strong>strat\u00e9giques<\/strong> et <strong>organisationnels<\/strong>.<\/p>\n<p style=\"text-align: left;\">Nous intervenons sur le <strong>recrutement<\/strong> et <strong>l\u2019accompagnement de dirigeants<\/strong>, <strong>managers<\/strong> et <strong>membres de CODIR en France et \u00e0 l\u2019international<\/strong>.<\/p>\n<p style=\"text-align: left;\">Au-del\u00e0 de nos offres, notre capacit\u00e9 de conseil et de d\u00e9veloppement des comp\u00e9tences nous permet de cerner au mieux vos besoins et de vous guider aux \u00e9tapes charni\u00e8res de votre vie professionnelle. Nous pla\u00e7ons les bin\u00f4mes consultant\/ client et consultant\/ candidat au c\u0153ur de nos <a style=\"text-decoration: underline;\" href=\"https:\/\/www.paccard-balmat.com\/talent\/\">d\u00e9marches<\/a> et de nos <a style=\"text-decoration: underline;\" href=\"https:\/\/www.paccard-balmat.com\/nosvaleurs\/\">valeurs<\/a>.<\/p>\n[\/vc_column_text][\/vc_column][vc_column column_padding=\u00a0\u00bbpadding-5-percent\u00a0\u00bb column_padding_position=\u00a0\u00bball\u00a0\u00bb background_color_opacity=\u00a0\u00bb1&Prime; background_hover_color_opacity=\u00a0\u00bb1&Prime; background_image=\u00a0\u00bb7403&Prime; font_color=\u00a0\u00bb#f0f1f0&Prime; column_shadow=\u00a0\u00bbnone\u00a0\u00bb column_border_radius=\u00a0\u00bbnone\u00a0\u00bb width=\u00a0\u00bb1\/2&Prime; tablet_text_alignment=\u00a0\u00bbdefault\u00a0\u00bb phone_text_alignment=\u00a0\u00bbdefault\u00a0\u00bb column_border_width=\u00a0\u00bbnone\u00a0\u00bb column_border_style=\u00a0\u00bbsolid\u00a0\u00bb offset=\u00a0\u00bbvc_col-xs-12&Prime;][vc_row_inner column_margin=\u00a0\u00bbdefault\u00a0\u00bb text_align=\u00a0\u00bbleft\u00a0\u00bb][vc_column_inner column_padding=\u00a0\u00bbpadding-1-percent\u00a0\u00bb column_padding_position=\u00a0\u00bbright\u00a0\u00bb background_color_opacity=\u00a0\u00bb1&Prime; background_hover_color_opacity=\u00a0\u00bb1&Prime; column_shadow=\u00a0\u00bbnone\u00a0\u00bb column_border_radius=\u00a0\u00bbnone\u00a0\u00bb width=\u00a0\u00bb1\/2&Prime; column_border_width=\u00a0\u00bbnone\u00a0\u00bb column_border_style=\u00a0\u00bbsolid\u00a0\u00bb]<div class=\"team-member\" data-style=\"meta_overlaid\"><div class=\"team-member-overlay\"><\/div><a href=\"https:\/\/www.paccard-balmat.com\/franck-boissin\/\"><\/a> <div class=\"team-member-image\" style=\"background-image: url(https:\/\/www.paccard-balmat.com\/wp-content\/uploads\/2026\/03\/Z9M2795-600x403.jpg);\"><\/div><div class=\"team-meta\"><h3>Franck Boissin<\/h3><p>Directeur G\u00e9n\u00e9ral <p><\/div><\/div>[\/vc_column_inner][vc_column_inner column_padding=\u00a0\u00bbpadding-1-percent\u00a0\u00bb column_padding_position=\u00a0\u00bbright\u00a0\u00bb background_color_opacity=\u00a0\u00bb1&Prime; background_hover_color_opacity=\u00a0\u00bb1&Prime; column_shadow=\u00a0\u00bbnone\u00a0\u00bb column_border_radius=\u00a0\u00bbnone\u00a0\u00bb width=\u00a0\u00bb1\/2&Prime; column_border_width=\u00a0\u00bbnone\u00a0\u00bb column_border_style=\u00a0\u00bbsolid\u00a0\u00bb]<div class=\"team-member\" data-style=\"meta_overlaid\"><div class=\"team-member-overlay\"><\/div><a href=\"https:\/\/www.paccard-balmat.com\/emilie-paul-de-bueil\"><\/a> <div class=\"team-member-image\" style=\"background-image: url(https:\/\/www.paccard-balmat.com\/wp-content\/uploads\/2026\/03\/Z9M2593-3-600x403.jpg);\"><\/div><div class=\"team-meta\"><h3>Emilie Paul-de Bueil<\/h3><p>Psychologue-coach<p><\/div><\/div>[\/vc_column_inner][\/vc_row_inner]<div class=\"divider-wrap\"><div style=\"height: 10px;\" class=\"divider\"><\/div><\/div>[vc_row_inner column_margin=\u00a0\u00bbdefault\u00a0\u00bb text_align=\u00a0\u00bbleft\u00a0\u00bb][vc_column_inner column_padding=\u00a0\u00bbpadding-1-percent\u00a0\u00bb column_padding_position=\u00a0\u00bbright\u00a0\u00bb background_color_opacity=\u00a0\u00bb1&Prime; background_hover_color_opacity=\u00a0\u00bb1&Prime; column_shadow=\u00a0\u00bbnone\u00a0\u00bb column_border_radius=\u00a0\u00bbnone\u00a0\u00bb width=\u00a0\u00bb1\/2&Prime; column_border_width=\u00a0\u00bbnone\u00a0\u00bb column_border_style=\u00a0\u00bbsolid\u00a0\u00bb]<div class=\"team-member\" data-style=\"meta_overlaid\"><div class=\"team-member-overlay\"><\/div><a href=\"https:\/\/www.paccard-balmat.com\/fr\/alexandra-martineau-consultante-senior\/\"><\/a> <div class=\"team-member-image\" style=\"background-image: url(https:\/\/www.paccard-balmat.com\/wp-content\/uploads\/2020\/07\/DSC_5595-1-600x403.jpg);\"><\/div><div class=\"team-meta\"><h3>Alexandra Martineau<\/h3><p>Consultante senior & Executive Coach<p><\/div><\/div>[\/vc_column_inner][vc_column_inner column_padding=\u00a0\u00bbno-extra-padding\u00a0\u00bb column_padding_position=\u00a0\u00bball\u00a0\u00bb background_color_opacity=\u00a0\u00bb1&Prime; background_hover_color_opacity=\u00a0\u00bb1&Prime; column_shadow=\u00a0\u00bbnone\u00a0\u00bb column_border_radius=\u00a0\u00bbnone\u00a0\u00bb width=\u00a0\u00bb1\/2&Prime; column_border_width=\u00a0\u00bbnone\u00a0\u00bb column_border_style=\u00a0\u00bbsolid\u00a0\u00bb]<div class=\"team-member\" data-style=\"meta_overlaid\"><div class=\"team-member-overlay\"><\/div><a href=\"https:\/\/www.paccard-balmat.com\/fr\/djennet-ikhlazova-talent-acquisition-specialist\/\"><\/a> <div class=\"team-member-image\" style=\"background-image: url(https:\/\/www.paccard-balmat.com\/wp-content\/uploads\/2026\/03\/Z9M2468-1-600x403.jpg);\"><\/div><div class=\"team-meta\"><h3>Dj\u00e9nn\u00e9t Ikhlazova<\/h3><p>Charg\u00e9e de recherche<p><\/div><\/div>[\/vc_column_inner][\/vc_row_inner][vc_row_inner column_margin=\u00a0\u00bbdefault\u00a0\u00bb text_align=\u00a0\u00bbleft\u00a0\u00bb][vc_column_inner column_padding=\u00a0\u00bbpadding-1-percent\u00a0\u00bb column_padding_position=\u00a0\u00bbright\u00a0\u00bb background_color_opacity=\u00a0\u00bb1&Prime; background_hover_color_opacity=\u00a0\u00bb1&Prime; column_shadow=\u00a0\u00bbnone\u00a0\u00bb column_border_radius=\u00a0\u00bbnone\u00a0\u00bb width=\u00a0\u00bb1\/1&Prime; column_border_width=\u00a0\u00bbnone\u00a0\u00bb column_border_style=\u00a0\u00bbsolid\u00a0\u00bb]<div class=\"team-member\" data-style=\"meta_overlaid\"><div class=\"team-member-overlay\"><\/div><a href=\"https:\/\/www.paccard-balmat.com\/fr\/claire-desplantes\/\"><\/a> <div class=\"team-member-image\" style=\"background-image: url(https:\/\/www.paccard-balmat.com\/wp-content\/uploads\/2020\/07\/DSC_5677-573x403.jpg);\"><\/div><div class=\"team-meta\"><h3>Claire Desplantes<\/h3><p>Office-manager<p><\/div><\/div>[\/vc_column_inner][\/vc_row_inner]<div class=\"divider-wrap\"><div style=\"height: 10px;\" class=\"divider\"><\/div><\/div><div class=\"divider-wrap\"><div style=\"height: 10px;\" class=\"divider\"><\/div><\/div>[\/vc_column][\/vc_row]","protected":false},"excerpt":{"rendered":"<p>[vc_row type=\u00a0\u00bbfull_width_content\u00a0\u00bb full_screen_row_position=\u00a0\u00bbmiddle\u00a0\u00bb bg_image=\u00a0\u00bb7403&Prime; bg_position=\u00a0\u00bbleft top\u00a0\u00bb bg_repeat=\u00a0\u00bbno-repeat\u00a0\u00bb scene_position=\u00a0\u00bbcenter\u00a0\u00bb text_color=\u00a0\u00bbdark\u00a0\u00bb text_align=\u00a0\u00bbleft\u00a0\u00bb class=\u00a0\u00bbexperience\u00a0\u00bb id=\u00a0\u00bbexperience\u00a0\u00bb overlay_strength=\u00a0\u00bb0.3&Prime; shape_divider_position=\u00a0\u00bbbottom\u00a0\u00bb shape_type=\u00a0\u00bb\u00a0\u00bb][vc_column column_padding=\u00a0\u00bbpadding-5-percent\u00a0\u00bb column_padding_position=\u00a0\u00bball\u00a0\u00bb background_color=\u00a0\u00bb#000b23&Prime; background_color_opacity=\u00a0\u00bb1&Prime; background_hover_color_opacity=\u00a0\u00bb1&Prime; font_color=\u00a0\u00bb#dadada\u00a0\u00bb column_shadow=\u00a0\u00bbnone\u00a0\u00bb column_border_radius=\u00a0\u00bbnone\u00a0\u00bb width=\u00a0\u00bb1\/2&Prime; tablet_text_alignment=\u00a0\u00bbdefault\u00a0\u00bb phone_text_alignment=\u00a0\u00bbdefault\u00a0\u00bb column_border_width=\u00a0\u00bbnone\u00a0\u00bb column_border_style=\u00a0\u00bbsolid\u00a0\u00bb][vc_custom_heading text=\u00a0\u00bbNotre expertise dans les m\u00e9tiers des life sciences, de l&rsquo;industrie, des services B2B, de l&rsquo;immobilier \/ construction et du luxe\u00a0\u00bb font_container=\u00a0\u00bbtag:h1|font_size:38|text_align:left|color:%23ffffff\u00a0\u00bb use_theme_fonts=\u00a0\u00bbyes\u00a0\u00bb css=\u00a0\u00bb.vc_custom_1544175977251{padding-top: 10px !important;}\u00a0\u00bb][vc_column_text]L&rsquo;\u00e9quipe de consultants et coach Paccard-Balmat vous accompagne&#8230;<\/p>\n","protected":false},"author":1,"featured_media":0,"parent":0,"menu_order":1,"comment_status":"open","ping_status":"open","template":"","meta":{"footnotes":""},"class_list":["post-5286","page","type-page","status-publish","hentry"],"_links":{"self":[{"href":"https:\/\/www.paccard-balmat.com\/fr\/wp-json\/wp\/v2\/pages\/5286","targetHints":{"allow":["GET"]}}],"collection":[{"href":"https:\/\/www.paccard-balmat.com\/fr\/wp-json\/wp\/v2\/pages"}],"about":[{"href":"https:\/\/www.paccard-balmat.com\/fr\/wp-json\/wp\/v2\/types\/page"}],"author":[{"embeddable":true,"href":"https:\/\/www.paccard-balmat.com\/fr\/wp-json\/wp\/v2\/users\/1"}],"replies":[{"embeddable":true,"href":"https:\/\/www.paccard-balmat.com\/fr\/wp-json\/wp\/v2\/comments?post=5286"}],"version-history":[{"count":10,"href":"https:\/\/www.paccard-balmat.com\/fr\/wp-json\/wp\/v2\/pages\/5286\/revisions"}],"predecessor-version":[{"id":7881,"href":"https:\/\/www.paccard-balmat.com\/fr\/wp-json\/wp\/v2\/pages\/5286\/revisions\/7881"}],"wp:attachment":[{"href":"https:\/\/www.paccard-balmat.com\/fr\/wp-json\/wp\/v2\/media?parent=5286"}],"curies":[{"name":"wp","href":"https:\/\/api.w.org\/{rel}","templated":true}]}}