{"id":6131,"date":"2017-11-06T10:06:55","date_gmt":"2017-11-06T09:06:55","guid":{"rendered":"https:\/\/www.paccard-balmat.com\/?page_id=6131"},"modified":"2026-03-09T14:19:28","modified_gmt":"2026-03-09T13:19:28","slug":"franck-boissin","status":"publish","type":"page","link":"https:\/\/www.paccard-balmat.com\/fr\/franck-boissin\/","title":{"rendered":"Franck Boissin &#8211; Directeur"},"content":{"rendered":"[vc_row type=\u00a0\u00bbfull_width_content\u00a0\u00bb full_screen_row_position=\u00a0\u00bbmiddle\u00a0\u00bb full_height=\u00a0\u00bbyes\u00a0\u00bb scene_position=\u00a0\u00bbcenter\u00a0\u00bb text_color=\u00a0\u00bbdark\u00a0\u00bb text_align=\u00a0\u00bbleft\u00a0\u00bb overlay_strength=\u00a0\u00bb0.3&Prime; shape_divider_position=\u00a0\u00bbbottom\u00a0\u00bb shape_type=\u00a0\u00bb\u00a0\u00bb][vc_column column_padding=\u00a0\u00bbpadding-5-percent\u00a0\u00bb column_padding_position=\u00a0\u00bball\u00a0\u00bb background_color_opacity=\u00a0\u00bb1&Prime; background_hover_color_opacity=\u00a0\u00bb1&Prime; column_shadow=\u00a0\u00bbnone\u00a0\u00bb column_border_radius=\u00a0\u00bbnone\u00a0\u00bb width=\u00a0\u00bb1\/2&Prime; tablet_text_alignment=\u00a0\u00bbdefault\u00a0\u00bb phone_text_alignment=\u00a0\u00bbdefault\u00a0\u00bb column_border_width=\u00a0\u00bbnone\u00a0\u00bb column_border_style=\u00a0\u00bbsolid\u00a0\u00bb][vc_custom_heading text=\u00a0\u00bbDirecteur du cabinet d&rsquo;executive search et coaching \u00a0\u00bb font_container=\u00a0\u00bbtag:h1|font_size:38|text_align:left|color:%23022169&Prime; use_theme_fonts=\u00a0\u00bbyes\u00a0\u00bb css=\u00a0\u00bb.vc_custom_1512567911698{padding-top: 10px !important;}\u00a0\u00bb]<div class=\"divider-wrap\"><div style=\"margin-top: 20px; width: 20%px; height: 1px; margin-bottom: 20px;\" data-width=\"20%\" data-animate=\"yes\" data-animation-delay=\"\" data-color=\"default\" class=\"divider-small-border\"><\/div><\/div>[vc_column_text]\n<h2>Franck Boissin<\/h2>\n[\/vc_column_text][vc_column_text css=\u00a0\u00bb.vc_custom_1511544655200{padding-top: 40px !important;padding-bottom: 40px !important;}\u00a0\u00bb]Dipl\u00f4m\u00e9 de nutrition clinique, Franck Boissin a occup\u00e9 des postes manag\u00e9riaux pendant 15 ans dans l\u2019industrie des life sciences. Il a notamment \u00e9t\u00e9 Directeur G\u00e9n\u00e9ral des activit\u00e9s chirurgie de Covidien France (Medtronic) pendant plus de 5 ans. En 2007, Franck Boissin devient consultant en recrutement et prend la t\u00eate de la Business Unit d\u00e9di\u00e9e aux activit\u00e9s Healthcare chez Hudson. En 2011, il fonde son propre <strong>cabinet de recrutement et de conseil en ressources humaines<\/strong> sp\u00e9cialis\u00e9 sur les fonctions middle management dans le secteur de la <strong>sant\u00e9<\/strong> : <a style=\"text-decoration: underline;\" href=\"http:\/\/www.serendip-consulting.com\/\" target=\"_blank\" rel=\"noopener\">Serendip<\/a>. Depuis 10 ans, Franck a directement contribu\u00e9 au recrutement de plus de 800 managers dans son domaine d\u2019expertise.[\/vc_column_text][vc_column_text]Autour d&rsquo;un caf\u00e9, \u00e9changeons sur\u00a0: <strong>marathon<\/strong>, <strong>alpinisme<\/strong>, <strong>ski randonn\u00e9e<\/strong> et <strong>free ride<\/strong>, <strong>golf<\/strong>, <strong>cuisine.<\/strong>[\/vc_column_text]<div class=\"divider-wrap\"><div style=\"height: 40px;\" class=\"divider\"><\/div><\/div>[nectar_btn size=\u00a0\u00bbmedium\u00a0\u00bb button_style=\u00a0\u00bbsee-through\u00a0\u00bb button_color_2=\u00a0\u00bbAccent-Color\u00a0\u00bb color_override=\u00a0\u00bb#022169&Prime; icon_family=\u00a0\u00bbnone\u00a0\u00bb url=\u00a0\u00bbhttps:\/\/www.paccard-balmat.com\/equipe\/\u00a0\u00bb text=\u00a0\u00bbRetour vers l&rsquo;\u00e9quipe\u00a0\u00bb][vc_row_inner column_margin=\u00a0\u00bbdefault\u00a0\u00bb text_align=\u00a0\u00bbleft\u00a0\u00bb][vc_column_inner column_padding=\u00a0\u00bbno-extra-padding\u00a0\u00bb column_padding_position=\u00a0\u00bball\u00a0\u00bb background_color_opacity=\u00a0\u00bb1&Prime; background_hover_color_opacity=\u00a0\u00bb1&Prime; column_shadow=\u00a0\u00bbnone\u00a0\u00bb column_border_radius=\u00a0\u00bbnone\u00a0\u00bb width=\u00a0\u00bb1\/1&Prime; column_border_width=\u00a0\u00bbnone\u00a0\u00bb column_border_style=\u00a0\u00bbsolid\u00a0\u00bb offset=\u00a0\u00bbvc_hidden-sm vc_hidden-xs\u00a0\u00bb]<div class=\"divider-wrap\"><div style=\"height: 150px;\" class=\"divider\"><\/div><\/div>[\/vc_column_inner][\/vc_row_inner][\/vc_column][vc_column column_padding=\u00a0\u00bbno-extra-padding\u00a0\u00bb column_padding_position=\u00a0\u00bball\u00a0\u00bb background_color_opacity=\u00a0\u00bb1&Prime; background_hover_color_opacity=\u00a0\u00bb1&Prime; column_shadow=\u00a0\u00bbnone\u00a0\u00bb column_border_radius=\u00a0\u00bbnone\u00a0\u00bb width=\u00a0\u00bb1\/2&Prime; tablet_text_alignment=\u00a0\u00bbdefault\u00a0\u00bb phone_text_alignment=\u00a0\u00bbdefault\u00a0\u00bb column_border_width=\u00a0\u00bbnone\u00a0\u00bb column_border_style=\u00a0\u00bbsolid\u00a0\u00bb]<div class=\"img-with-aniamtion-wrap \" data-max-width=\"100%\" data-border-radius=\"none\"><div class=\"inner\"><img loading=\"lazy\" decoding=\"async\" data-shadow=\"none\" data-shadow-direction=\"middle\" class=\"img-with-animation \" data-delay=\"0\" height=\"2560\" width=\"1707\" data-animation=\"fade-in\" src=\"https:\/\/www.paccard-balmat.com\/wp-content\/uploads\/2026\/03\/Z9M2783-scaled.jpg\" srcset=\"https:\/\/www.paccard-balmat.com\/wp-content\/uploads\/2026\/03\/Z9M2783-scaled.jpg 1707w, https:\/\/www.paccard-balmat.com\/wp-content\/uploads\/2026\/03\/Z9M2783-200x300.jpg 200w, https:\/\/www.paccard-balmat.com\/wp-content\/uploads\/2026\/03\/Z9M2783-683x1024.jpg 683w, https:\/\/www.paccard-balmat.com\/wp-content\/uploads\/2026\/03\/Z9M2783-768x1152.jpg 768w, https:\/\/www.paccard-balmat.com\/wp-content\/uploads\/2026\/03\/Z9M2783-1024x1536.jpg 1024w, https:\/\/www.paccard-balmat.com\/wp-content\/uploads\/2026\/03\/Z9M2783-1365x2048.jpg 1365w\" sizes=\"auto, 100vw\" alt=\"\" \/><\/div><\/div>[\/vc_column][\/vc_row]","protected":false},"excerpt":{"rendered":"<p>[vc_row type=\u00a0\u00bbfull_width_content\u00a0\u00bb full_screen_row_position=\u00a0\u00bbmiddle\u00a0\u00bb full_height=\u00a0\u00bbyes\u00a0\u00bb scene_position=\u00a0\u00bbcenter\u00a0\u00bb text_color=\u00a0\u00bbdark\u00a0\u00bb text_align=\u00a0\u00bbleft\u00a0\u00bb overlay_strength=\u00a0\u00bb0.3&Prime; shape_divider_position=\u00a0\u00bbbottom\u00a0\u00bb shape_type=\u00a0\u00bb\u00a0\u00bb][vc_column column_padding=\u00a0\u00bbpadding-5-percent\u00a0\u00bb column_padding_position=\u00a0\u00bball\u00a0\u00bb background_color_opacity=\u00a0\u00bb1&Prime; background_hover_color_opacity=\u00a0\u00bb1&Prime; column_shadow=\u00a0\u00bbnone\u00a0\u00bb column_border_radius=\u00a0\u00bbnone\u00a0\u00bb width=\u00a0\u00bb1\/2&Prime; tablet_text_alignment=\u00a0\u00bbdefault\u00a0\u00bb phone_text_alignment=\u00a0\u00bbdefault\u00a0\u00bb column_border_width=\u00a0\u00bbnone\u00a0\u00bb column_border_style=\u00a0\u00bbsolid\u00a0\u00bb][vc_custom_heading text=\u00a0\u00bbDirecteur du cabinet d&rsquo;executive search et coaching \u00a0\u00bb font_container=\u00a0\u00bbtag:h1|font_size:38|text_align:left|color:%23022169&Prime; use_theme_fonts=\u00a0\u00bbyes\u00a0\u00bb css=\u00a0\u00bb.vc_custom_1512567911698{padding-top: 10px !important;}\u00a0\u00bb][vc_column_text] Franck Boissin [\/vc_column_text][vc_column_text css=\u00a0\u00bb.vc_custom_1511544655200{padding-top: 40px !important;padding-bottom: 40px !important;}\u00a0\u00bb]Dipl\u00f4m\u00e9 de nutrition clinique, Franck Boissin a occup\u00e9 des postes manag\u00e9riaux pendant 15 ans dans l\u2019industrie des life sciences&#8230;.<\/p>\n","protected":false},"author":1,"featured_media":0,"parent":0,"menu_order":0,"comment_status":"closed","ping_status":"closed","template":"","meta":{"footnotes":""},"class_list":["post-6131","page","type-page","status-publish","hentry"],"_links":{"self":[{"href":"https:\/\/www.paccard-balmat.com\/fr\/wp-json\/wp\/v2\/pages\/6131","targetHints":{"allow":["GET"]}}],"collection":[{"href":"https:\/\/www.paccard-balmat.com\/fr\/wp-json\/wp\/v2\/pages"}],"about":[{"href":"https:\/\/www.paccard-balmat.com\/fr\/wp-json\/wp\/v2\/types\/page"}],"author":[{"embeddable":true,"href":"https:\/\/www.paccard-balmat.com\/fr\/wp-json\/wp\/v2\/users\/1"}],"replies":[{"embeddable":true,"href":"https:\/\/www.paccard-balmat.com\/fr\/wp-json\/wp\/v2\/comments?post=6131"}],"version-history":[{"count":1,"href":"https:\/\/www.paccard-balmat.com\/fr\/wp-json\/wp\/v2\/pages\/6131\/revisions"}],"predecessor-version":[{"id":7882,"href":"https:\/\/www.paccard-balmat.com\/fr\/wp-json\/wp\/v2\/pages\/6131\/revisions\/7882"}],"wp:attachment":[{"href":"https:\/\/www.paccard-balmat.com\/fr\/wp-json\/wp\/v2\/media?parent=6131"}],"curies":[{"name":"wp","href":"https:\/\/api.w.org\/{rel}","templated":true}]}}