{"id":7634,"date":"2018-12-07T11:10:58","date_gmt":"2018-12-07T10:10:58","guid":{"rendered":"https:\/\/www.paccard-balmat.com\/?page_id=7634"},"modified":"2026-03-09T14:39:47","modified_gmt":"2026-03-09T13:39:47","slug":"alexandra-martineau-consultante-senior","status":"publish","type":"page","link":"https:\/\/www.paccard-balmat.com\/fr\/alexandra-martineau-consultante-senior\/","title":{"rendered":"Alexandra Martineau \u2013 Consultante Senior &#038; Executive Coach"},"content":{"rendered":"[vc_row type=\u00a0\u00bbfull_width_content\u00a0\u00bb full_screen_row_position=\u00a0\u00bbmiddle\u00a0\u00bb scene_position=\u00a0\u00bbcenter\u00a0\u00bb text_color=\u00a0\u00bbdark\u00a0\u00bb text_align=\u00a0\u00bbleft\u00a0\u00bb overlay_strength=\u00a0\u00bb0.3&Prime; shape_divider_position=\u00a0\u00bbbottom\u00a0\u00bb shape_type=\u00a0\u00bb\u00a0\u00bb][vc_column column_padding=\u00a0\u00bbpadding-5-percent\u00a0\u00bb column_padding_position=\u00a0\u00bball\u00a0\u00bb background_color_opacity=\u00a0\u00bb1&Prime; background_hover_color_opacity=\u00a0\u00bb1&Prime; column_shadow=\u00a0\u00bbnone\u00a0\u00bb column_border_radius=\u00a0\u00bbnone\u00a0\u00bb width=\u00a0\u00bb1\/2&Prime; tablet_text_alignment=\u00a0\u00bbdefault\u00a0\u00bb phone_text_alignment=\u00a0\u00bbdefault\u00a0\u00bb column_border_width=\u00a0\u00bbnone\u00a0\u00bb column_border_style=\u00a0\u00bbsolid\u00a0\u00bb][vc_custom_heading text=\u00a0\u00bbExperte en recrutement\u00a0\u00bb font_container=\u00a0\u00bbtag:h1|text_align:left|color:%23022169&Prime; use_theme_fonts=\u00a0\u00bbyes\u00a0\u00bb css=\u00a0\u00bb.vc_custom_1544177648362{padding-top: 10px !important;}\u00a0\u00bb]<div class=\"divider-wrap\"><div style=\"margin-top: 20px; width: 20%px; height: 1px; margin-bottom: 20px;\" data-width=\"20%\" data-animate=\"yes\" data-animation-delay=\"\" data-color=\"default\" class=\"divider-small-border\"><\/div><\/div>[vc_column_text]\n<h2>Alexandra Martineau<\/h2>\n[\/vc_column_text][vc_column_text css=\u00a0\u00bb.vc_custom_1577718780075{padding-top: 40px !important;padding-bottom: 40px !important;}\u00a0\u00bb]Apr\u00e8s des \u00e9tudes en psychologie, Alexandra a d\u00e9but\u00e9 sa carri\u00e8re en cabinet d\u2019<strong>ex\u00e9cutive search<\/strong> il y a plus de 20 ans. Son expertise repose sur l\u2019<strong>approche directe<\/strong> des candidats. Elle m\u00e8ne ses missions en r\u00e9alisant du sur mesure avec une forte app\u00e9tence pour les traits de personnalit\u00e9 des managers et dirigeants qu\u2019elle rencontre. Elle intervient au sein des secteurs de l\u2019<strong>Industrie<\/strong>, des <strong>Services B to B<\/strong>, du <strong>Private Equity<\/strong>, de <strong>l\u2019Immobilier<\/strong>, du <strong>Retail<\/strong> et du <strong>Luxe<\/strong>.<\/p>\n<p>Alexandra s\u2019inscrit dans des relations long terme bas\u00e9es sur la confiance et la transparence.[\/vc_column_text][vc_column_text]Autour d\u2019un caf\u00e9, \u00e9changeons sur\u00a0: <strong>les impressionnistes<\/strong>, <strong>les voyages et les ambiances<\/strong>, <strong>l\u2019artisanat<\/strong>.[\/vc_column_text]<div class=\"divider-wrap\"><div style=\"height: 40px;\" class=\"divider\"><\/div><\/div>[nectar_btn size=\u00a0\u00bbmedium\u00a0\u00bb button_style=\u00a0\u00bbsee-through\u00a0\u00bb button_color_2=\u00a0\u00bbAccent-Color\u00a0\u00bb color_override=\u00a0\u00bb#022169&Prime; icon_family=\u00a0\u00bbnone\u00a0\u00bb url=\u00a0\u00bbhttps:\/\/www.paccard-balmat.com\/equipe\/\u00a0\u00bb text=\u00a0\u00bbRetour vers l&rsquo;\u00e9quipe\u00a0\u00bb][vc_row_inner column_margin=\u00a0\u00bbdefault\u00a0\u00bb text_align=\u00a0\u00bbleft\u00a0\u00bb][vc_column_inner column_padding=\u00a0\u00bbno-extra-padding\u00a0\u00bb column_padding_position=\u00a0\u00bball\u00a0\u00bb background_color_opacity=\u00a0\u00bb1&Prime; background_hover_color_opacity=\u00a0\u00bb1&Prime; column_shadow=\u00a0\u00bbnone\u00a0\u00bb column_border_radius=\u00a0\u00bbnone\u00a0\u00bb width=\u00a0\u00bb1\/1&Prime; column_border_width=\u00a0\u00bbnone\u00a0\u00bb column_border_style=\u00a0\u00bbsolid\u00a0\u00bb offset=\u00a0\u00bbvc_hidden-sm vc_hidden-xs\u00a0\u00bb]<div class=\"divider-wrap\"><div style=\"height: 150px;\" class=\"divider\"><\/div><\/div>[\/vc_column_inner][\/vc_row_inner][\/vc_column][vc_column column_padding=\u00a0\u00bbno-extra-padding\u00a0\u00bb column_padding_position=\u00a0\u00bball\u00a0\u00bb background_color_opacity=\u00a0\u00bb1&Prime; background_hover_color_opacity=\u00a0\u00bb1&Prime; column_shadow=\u00a0\u00bbnone\u00a0\u00bb column_border_radius=\u00a0\u00bbnone\u00a0\u00bb width=\u00a0\u00bb1\/2&Prime; tablet_text_alignment=\u00a0\u00bbdefault\u00a0\u00bb phone_text_alignment=\u00a0\u00bbdefault\u00a0\u00bb column_border_width=\u00a0\u00bbnone\u00a0\u00bb column_border_style=\u00a0\u00bbsolid\u00a0\u00bb]<div class=\"img-with-aniamtion-wrap \" data-max-width=\"100%\" data-border-radius=\"none\"><div class=\"inner\"><img loading=\"lazy\" decoding=\"async\" data-shadow=\"none\" data-shadow-direction=\"middle\" class=\"img-with-animation \" data-delay=\"0\" height=\"3848\" width=\"2560\" data-animation=\"fade-in\" src=\"https:\/\/www.paccard-balmat.com\/wp-content\/uploads\/2020\/08\/DSC_5585-e1597323539837.jpg\" srcset=\"https:\/\/www.paccard-balmat.com\/wp-content\/uploads\/2020\/08\/DSC_5585-e1597323539837.jpg 2560w, https:\/\/www.paccard-balmat.com\/wp-content\/uploads\/2020\/08\/DSC_5585-e1597323539837-200x300.jpg 200w, https:\/\/www.paccard-balmat.com\/wp-content\/uploads\/2020\/08\/DSC_5585-e1597323539837-768x1154.jpg 768w, https:\/\/www.paccard-balmat.com\/wp-content\/uploads\/2020\/08\/DSC_5585-e1597323539837-681x1024.jpg 681w\" sizes=\"auto, 100vw\" alt=\"\" \/><\/div><\/div>[\/vc_column][\/vc_row]","protected":false},"excerpt":{"rendered":"<p>[vc_row type=\u00a0\u00bbfull_width_content\u00a0\u00bb full_screen_row_position=\u00a0\u00bbmiddle\u00a0\u00bb scene_position=\u00a0\u00bbcenter\u00a0\u00bb text_color=\u00a0\u00bbdark\u00a0\u00bb text_align=\u00a0\u00bbleft\u00a0\u00bb overlay_strength=\u00a0\u00bb0.3&Prime; shape_divider_position=\u00a0\u00bbbottom\u00a0\u00bb shape_type=\u00a0\u00bb\u00a0\u00bb][vc_column column_padding=\u00a0\u00bbpadding-5-percent\u00a0\u00bb column_padding_position=\u00a0\u00bball\u00a0\u00bb background_color_opacity=\u00a0\u00bb1&Prime; background_hover_color_opacity=\u00a0\u00bb1&Prime; column_shadow=\u00a0\u00bbnone\u00a0\u00bb column_border_radius=\u00a0\u00bbnone\u00a0\u00bb width=\u00a0\u00bb1\/2&Prime; tablet_text_alignment=\u00a0\u00bbdefault\u00a0\u00bb phone_text_alignment=\u00a0\u00bbdefault\u00a0\u00bb column_border_width=\u00a0\u00bbnone\u00a0\u00bb column_border_style=\u00a0\u00bbsolid\u00a0\u00bb][vc_custom_heading text=\u00a0\u00bbExperte en recrutement\u00a0\u00bb font_container=\u00a0\u00bbtag:h1|text_align:left|color:%23022169&Prime; use_theme_fonts=\u00a0\u00bbyes\u00a0\u00bb css=\u00a0\u00bb.vc_custom_1544177648362{padding-top: 10px !important;}\u00a0\u00bb][vc_column_text] Alexandra Martineau [\/vc_column_text][vc_column_text css=\u00a0\u00bb.vc_custom_1577718780075{padding-top: 40px !important;padding-bottom: 40px !important;}\u00a0\u00bb]Apr\u00e8s des \u00e9tudes en psychologie, Alexandra a d\u00e9but\u00e9 sa carri\u00e8re en cabinet d\u2019ex\u00e9cutive search il y a plus de 20 ans. Son expertise repose sur&#8230;<\/p>\n","protected":false},"author":1,"featured_media":0,"parent":0,"menu_order":0,"comment_status":"closed","ping_status":"closed","template":"","meta":{"footnotes":""},"class_list":["post-7634","page","type-page","status-publish","hentry"],"_links":{"self":[{"href":"https:\/\/www.paccard-balmat.com\/fr\/wp-json\/wp\/v2\/pages\/7634","targetHints":{"allow":["GET"]}}],"collection":[{"href":"https:\/\/www.paccard-balmat.com\/fr\/wp-json\/wp\/v2\/pages"}],"about":[{"href":"https:\/\/www.paccard-balmat.com\/fr\/wp-json\/wp\/v2\/types\/page"}],"author":[{"embeddable":true,"href":"https:\/\/www.paccard-balmat.com\/fr\/wp-json\/wp\/v2\/users\/1"}],"replies":[{"embeddable":true,"href":"https:\/\/www.paccard-balmat.com\/fr\/wp-json\/wp\/v2\/comments?post=7634"}],"version-history":[{"count":1,"href":"https:\/\/www.paccard-balmat.com\/fr\/wp-json\/wp\/v2\/pages\/7634\/revisions"}],"predecessor-version":[{"id":7883,"href":"https:\/\/www.paccard-balmat.com\/fr\/wp-json\/wp\/v2\/pages\/7634\/revisions\/7883"}],"wp:attachment":[{"href":"https:\/\/www.paccard-balmat.com\/fr\/wp-json\/wp\/v2\/media?parent=7634"}],"curies":[{"name":"wp","href":"https:\/\/api.w.org\/{rel}","templated":true}]}}