{"id":7641,"date":"2018-12-07T17:04:37","date_gmt":"2018-12-07T16:04:37","guid":{"rendered":"https:\/\/www.paccard-balmat.com\/?page_id=7641"},"modified":"2018-12-13T15:22:06","modified_gmt":"2018-12-13T14:22:06","slug":"politique-de-confidentialite","status":"publish","type":"page","link":"https:\/\/www.paccard-balmat.com\/fr\/politique-de-confidentialite\/","title":{"rendered":"Politique de confidentialit\u00e9"},"content":{"rendered":"<h2>Politique de confidentialit\u00e9<\/h2>\n<p>Depuis le 25 mai 2018, le r\u00e8glement g\u00e9n\u00e9ral sur la protection des donn\u00e9es (RGPD) est applicable. Ce r\u00e8glement vise \u00e0 donner plus de libert\u00e9s \u00e0 chacun, mais aussi \u00e0 responsabiliser les acteurs qui traitent des donn\u00e9es. Paccard-Balmat est un cabinet de recrutement responsable et concern\u00e9. Voici les informations \u00e0 propos de Paccard-Balmat et de sa gestion des donn\u00e9es personnelles.<\/p>\n<p><strong>Qui sommes-nous ?<\/strong><br \/>\nPaccard-Balmat est un cabinet de recrutement de cadres par approche directe et de conseil en ressources humaines sp\u00e9cialis\u00e9 dans le domaine de la sant\u00e9. L\u2019utilisation de donn\u00e9es est essentielle et n\u00e9cessaire pour nos m\u00e9tiers.<\/p>\n<p><strong>Que couvre cette politique de confidentialit\u00e9 ?<\/strong><br \/>\nDans le cadre de nos activit\u00e9s, nous recueillons des donn\u00e9es personnelles sur les cat\u00e9gories de personnes suivantes :<br \/>\n\u2022 Candidats<br \/>\n\u2022 Entreprises et clients<br \/>\n\u2022 Prestataires de service<br \/>\n\u2022 Collaborateurs<\/p>\n<p>Nous devons vous garantir un certain nombre de droits, vous assurer de la s\u00e9curit\u00e9 des donn\u00e9es, et vous informer sur le traitement de vos donn\u00e9es.<\/p>\n<p>Les informations que nous recueillons et comment nous les utilisons<br \/>\nConcernant les candidats, nous recueillons des informations pertinentes pour un recrutement, \u00e0 partir de votre CV et d\u2019entretiens : votre nom, votre parcours, vos coordonn\u00e9es\u2026 Aucune information sans rapport direct avec le processus de recrutement ne sera demand\u00e9e.<\/p>\n<p>Nous conservons et utilisons ces informations afin de :<br \/>\n&#8211; Vous aider \u00e0 trouver le poste correspondant au mieux \u00e0 votre profil.<br \/>\n&#8211; Vous proposer des offres d\u2019emploi et vous tenir inform\u00e9 de l&rsquo;\u00e9tat d&rsquo;avancement de vos candidatures.<br \/>\n&#8211; Avoir suffisamment de donn\u00e9es pour proposer le meilleur profil \u00e0 nos clients.<\/p>\n<p>\u2022 Concernant les clients, lorsque vous nous mandatez pour une ou plusieurs missions, nous pouvons recueillir votre nom, votre intitul\u00e9 de poste, vos coordonn\u00e9es professionnelles, et \u00e9galement l\u2019organisation pour laquelle vous travaillez.<br \/>\nNous conservons et utilisons ces informations afin de :<br \/>\n&#8211; Vous fournir les services pour lesquels vous nous avez mandat\u00e9s.<br \/>\n&#8211; Vous envoyer des rapports sur le travail que nous r\u00e9alisons en votre nom.<\/p>\n<p><strong>S\u00e9curit\u00e9<\/strong><br \/>\nNous nous engageons \u00e0 assurer la s\u00e9curit\u00e9 de vos donn\u00e9es personnelles. Nous utilisons toute une s\u00e9rie de mesures, comprenant l\u2019utilisation de pare-feu, d\u2019antivirus, dans le but de prot\u00e9ger vos informations personnelles contre :<br \/>\n\u2022 Le piratage<br \/>\n\u2022 Les utilisations ou divulgations non autoris\u00e9es<br \/>\n\u2022 Les modifications ou alt\u00e9rations non autoris\u00e9es<br \/>\n\u2022 La destruction ill\u00e9gale ou la perte accidentelle<\/p>\n<p><strong>Lieux de stockage des donn\u00e9es<\/strong><br \/>\nToutes les informations que vous nous fournissez sont stock\u00e9es uniquement sur nos serveurs s\u00e9curis\u00e9s.<\/p>\n<p>Conservation et partage des donn\u00e9es<br \/>\nApr\u00e8s le premier contact, nous vous envoyons un mail pour savoir si vous consentez une conservation et une utilisation de vos donn\u00e9es dans des objectifs professionnels. Au bout de 2 ans, nous vous envoyons un nouveau mail pour renouveler ce consentement. Un partage de vos donn\u00e9es serait uniquement fait dans votre int\u00e9r\u00eat et avec votre consentement.<\/p>\n<p><strong>Vos droits<\/strong><br \/>\nVous disposez des droits suivants :<br \/>\n&#8211; Droit d\u2019acc\u00e8s : la personne peut demander d\u2019acc\u00e9der aux informations que l\u2019entreprise d\u00e9tient sur elle.<br \/>\n&#8211; Demande de correction des donn\u00e9es personnelles que nous d\u00e9tenons \u00e0 votre sujet. Cela vous permet de corriger toute information incompl\u00e8te ou inexacte que nous pourrions d\u00e9tenir \u00e0 votre sujet.<br \/>\n&#8211; Demande de suppression de vos informations personnelles. Cela vous permet de nous demander d\u2019effacer ou de supprimer vos donn\u00e9es personnelles.<br \/>\n&#8211; Demande de transfert de vos informations personnelles vers une autre partie sous certains formats, lorsque c\u2019est possible.<br \/>\n&#8211; Droit \u00e0 la portabilit\u00e9 des donn\u00e9es. Le candidat, le client, le collaborateur doivent recevoir, dans un format lisible, les donn\u00e9es que l\u2019entreprise d\u00e9tient.<\/p>\n<p><strong>Nous contacter<\/strong><br \/>\nPour toute information compl\u00e9mentaire, volont\u00e9 d\u2019action ou de renseignement sur vos donn\u00e9es, contactez nous par mail \u00e0 <a href=\"rgpd@paccard-balmat.com\">rgpd@paccard-balmat.com<\/a>.","protected":false},"excerpt":{"rendered":"<p>Politique de confidentialit\u00e9 Depuis le 25 mai 2018, le r\u00e8glement g\u00e9n\u00e9ral sur la protection des donn\u00e9es (RGPD) est applicable. Ce r\u00e8glement vise \u00e0 donner plus de libert\u00e9s \u00e0 chacun, mais aussi \u00e0 responsabiliser les acteurs qui traitent des donn\u00e9es. Paccard-Balmat est un cabinet de recrutement responsable et concern\u00e9. Voici les informations \u00e0 propos de Paccard-Balmat et de sa gestion des&#8230;<\/p>\n","protected":false},"author":1,"featured_media":0,"parent":0,"menu_order":0,"comment_status":"closed","ping_status":"closed","template":"","meta":{"footnotes":""},"class_list":["post-7641","page","type-page","status-publish","hentry"],"_links":{"self":[{"href":"https:\/\/www.paccard-balmat.com\/fr\/wp-json\/wp\/v2\/pages\/7641","targetHints":{"allow":["GET"]}}],"collection":[{"href":"https:\/\/www.paccard-balmat.com\/fr\/wp-json\/wp\/v2\/pages"}],"about":[{"href":"https:\/\/www.paccard-balmat.com\/fr\/wp-json\/wp\/v2\/types\/page"}],"author":[{"embeddable":true,"href":"https:\/\/www.paccard-balmat.com\/fr\/wp-json\/wp\/v2\/users\/1"}],"replies":[{"embeddable":true,"href":"https:\/\/www.paccard-balmat.com\/fr\/wp-json\/wp\/v2\/comments?post=7641"}],"version-history":[{"count":0,"href":"https:\/\/www.paccard-balmat.com\/fr\/wp-json\/wp\/v2\/pages\/7641\/revisions"}],"wp:attachment":[{"href":"https:\/\/www.paccard-balmat.com\/fr\/wp-json\/wp\/v2\/media?parent=7641"}],"curies":[{"name":"wp","href":"https:\/\/api.w.org\/{rel}","templated":true}]}}